{"id":2746,"date":"2021-07-29T14:39:45","date_gmt":"2021-07-29T13:39:45","guid":{"rendered":"http:\/\/pankebuch.de\/?page_id=2746"},"modified":"2024-07-12T12:39:45","modified_gmt":"2024-07-12T11:39:45","slug":"nachhaltigkeit","status":"publish","type":"page","link":"https:\/\/www.pankebuch.de\/?page_id=2746","title":{"rendered":"Nachhaltigkeit"},"content":{"rendered":"<p><strong>Wir empfehlen nicht nur B\u00fccher zu Umweltthemen, sondern arbeiten t\u00e4glich an der Verbesserung unserer \u00d6kobilanz:<\/strong><\/p>\r\n<p>Den \u00fcberwiegenden Teil der <strong>Buchbestellungen<\/strong> beziehen wir vom Gro\u00dfh\u00e4ndler Libri in Mehrwegwannen. In diesen Wannen sind die B\u00fccher nicht nochmals einzeln verpackt. Auch die \u00fcber unseren <a href=\"http:\/\/pankebuch.shop-asp.de\/\" target=\"_blank\" rel=\"noopener\">Webshop genialokal<\/a> bestellten B\u00fccher werden auf diesem Weg geliefert &#8211; ein klares Plus gegen\u00fcber einer Anlieferung an die Privatadresse.<\/p>\r\n<p>Wir begr\u00fc\u00dfen den Verzicht der Verlage auf das Einschwei\u00dfen von B\u00fcchern in Folie und bestellen gezielt die Titel dieser Verlage.<\/p>\r\n<p>Zum <strong>Verpacken<\/strong> nutzen wir Papier und T\u00fcten aus Recyclingpapier und nur im Ausnahmefall Plastikt\u00fcten. Verpackungsmaterial, Kartons, Umschl\u00e4ge u.\u00e4. nutzen wir mehrfach.<\/p>\r\n<p>Unsere <strong>Werbemittel<\/strong> lassen wir in der Berliner Druckerei <a href=\"https:\/\/pinguindruck.de\/\" target=\"_blank\" rel=\"noopener\">Pinguin Druck<\/a>, einem seit \u00fcber 10 Jahren FSC\u00ae-zertifizierten Betrieb, herstellen.<\/p>\r\n<p>Das Papier f\u00fcr die <strong>Kassenbons<\/strong> und die Belege f\u00fcr Kartenzahlungen (der Druck ist Pflicht) kommt von der Firma \u00d6kobon und hat das FSC-Siegel. Die Entsorgung ist \u00fcber das Altpapierrecycling m\u00f6glich. <a href=\"http:\/\/oekobon.de\" target=\"_blank\" rel=\"noreferrer noopener\">oekobon<\/a><\/p>\r\n<p>Den <strong>Transport<\/strong> von B\u00fcchern zu unseren Gro\u00dfkunden wie der Bibliothek Pankow, Schulen und zu privaten Bestellern wickeln wir per Fahrrad ab.<\/p>\r\n<p>Den <strong>Strom<\/strong> beziehen wir von EWR mit 100 % erneuerbarer Energie. <a href=\"https:\/\/www.ewr.de\/\" target=\"_blank\" rel=\"noopener noreferrer\">ewr.de<\/a><\/p>\r\n\r\n<p>Unsere Ger\u00e4te<strong> (PC, Tablet, Handy)<\/strong> kaufen wir gebraucht bei <a href=\"http:\/\/asgoodasnew.de\" target=\"_blank\" rel=\"noreferrer noopener\">asgoodasnew.de<\/a><\/p>\r\n","protected":false},"excerpt":{"rendered":"<p>Wir empfehlen nicht nur B\u00fccher zu Umweltthemen, sondern arbeiten t\u00e4glich an der Verbesserung unserer \u00d6kobilanz: Den \u00fcberwiegenden Teil der Buchbestellungen beziehen wir vom Gro\u00dfh\u00e4ndler Libri in Mehrwegwannen. In diesen Wannen sind die B\u00fccher nicht nochmals einzeln verpackt. Auch die \u00fcber unseren Webshop genialokal bestellten B\u00fccher werden auf diesem Weg geliefert &#8211; ein klares Plus gegen\u00fcber [&hellip;]<\/p>\n","protected":false},"author":1,"featured_media":0,"parent":0,"menu_order":0,"comment_status":"closed","ping_status":"open","template":"","meta":{"footnotes":""},"_links":{"self":[{"href":"https:\/\/www.pankebuch.de\/index.php?rest_route=\/wp\/v2\/pages\/2746"}],"collection":[{"href":"https:\/\/www.pankebuch.de\/index.php?rest_route=\/wp\/v2\/pages"}],"about":[{"href":"https:\/\/www.pankebuch.de\/index.php?rest_route=\/wp\/v2\/types\/page"}],"author":[{"embeddable":true,"href":"https:\/\/www.pankebuch.de\/index.php?rest_route=\/wp\/v2\/users\/1"}],"replies":[{"embeddable":true,"href":"https:\/\/www.pankebuch.de\/index.php?rest_route=%2Fwp%2Fv2%2Fcomments&post=2746"}],"version-history":[{"count":37,"href":"https:\/\/www.pankebuch.de\/index.php?rest_route=\/wp\/v2\/pages\/2746\/revisions"}],"predecessor-version":[{"id":8696,"href":"https:\/\/www.pankebuch.de\/index.php?rest_route=\/wp\/v2\/pages\/2746\/revisions\/8696"}],"wp:attachment":[{"href":"https:\/\/www.pankebuch.de\/index.php?rest_route=%2Fwp%2Fv2%2Fmedia&parent=2746"}],"curies":[{"name":"wp","href":"https:\/\/api.w.org\/{rel}","templated":true}]}}