{"id":2737,"date":"2015-02-17T19:50:47","date_gmt":"2015-02-17T18:50:47","guid":{"rendered":"http:\/\/pankebuch.de\/?page_id=2737"},"modified":"2025-10-02T14:35:32","modified_gmt":"2025-10-02T13:35:32","slug":"impressum-2","status":"publish","type":"page","link":"https:\/\/www.pankebuch.de\/?page_id=2737","title":{"rendered":"Impressum"},"content":{"rendered":"<p>PANKEBUCH<\/p>\n<p>Die sch\u00f6nsten B\u00fccher des Nordens und des Ostens<\/p>\n<p>Wilhelm-Kuhr-Str. 5, 13187 Berlin Alt-Pankow, T \u00a0030 48479013, <a href=\"mailto:info@pankebuch.de\">info@pankebuch.de<\/a><\/p>\n<p>Ein Unternehmen der Sprachmeister Berlin-Translatione GmbH. Marienstra\u00dfe 30, 10117 Berlin. Sitz der Gesellschaft: Berlin \/ Registergericht: Amtsgericht Berlin Charlottenburg, HRB 180891 B \/ Gesch\u00e4ftsf\u00fchrer: Daniel M\u00e4tzschker<\/p>\n<p>Tel (030) 48479013<br \/>\ninfo@pankebuch.de\u00a0 \u00a0 \u00a0 \u00a0 \u00a0 \u00a0 \u00a0 \u00a0 \u00a0 \u00a0 \u00a0 \u00a0 \u00a0 \u00a0 \u00a0 \u00a0 \u00a0 \u00a0 \u00a0 \u00a0 \u00a0 \u00a0 \u00a0 \u00a0 \u00a0 \u00a0 \u00a0 \u00a0 \u00a0 \u00a0 \u00a0 \u00a0 \u00a0 \u00a0 \u00a0 \u00a0 \u00a0 \u00a0 \u00a0 \u00a0 \u00a0 \u00a0 \u00a0 \u00a0 \u00a0 \u00a0 \u00a0 \u00a0 \u00a0 \u00a0 \u00a0 \u00a0 \u00a0 \u00a0 \u00a0 \u00a0 \u00a0 \u00a0 \u00a0 \u00a0 \u00a0 \u00a0 \u00a0 \u00a0 \u00a0 \u00a0 \u00a0 \u00a0 \u00a0www.pankebuch.de<\/p>\n<h5>Verantwortlich f\u00fcr die redaktionellen Inhalte:\u00a0 \u00a0 \u00a0 \u00a0 \u00a0 \u00a0 \u00a0 \u00a0 \u00a0 \u00a0 \u00a0 \u00a0 \u00a0 \u00a0 \u00a0 \u00a0 \u00a0 \u00a0 \u00a0 \u00a0 \u00a0 \u00a0 \u00a0 \u00a0 \u00a0 \u00a0 \u00a0 \u00a0 \u00a0 \u00a0 \u00a0 \u00a0 \u00a0 \u00a0 \u00a0 \u00a0 \u00a0 \u00a0 \u00a0 \u00a0 \u00a0 \u00a0 \u00a0 \u00a0 \u00a0 \u00a0 \u00a0 \u00a0 Daniel M\u00e4tzschker, Marienstra\u00dfe 30, 10117 Berlin<\/h5>\n<p>USt-IdNr.: DE308695908<\/p>\n<p>Haftungshinweis:\u00a0 \u00a0 \u00a0 \u00a0 \u00a0 \u00a0 \u00a0 \u00a0 \u00a0 \u00a0 \u00a0 \u00a0 \u00a0 \u00a0 \u00a0 \u00a0 \u00a0 \u00a0 \u00a0 \u00a0 \u00a0 \u00a0 \u00a0 \u00a0 \u00a0 \u00a0 \u00a0 \u00a0 \u00a0 \u00a0 \u00a0 \u00a0 \u00a0 \u00a0 \u00a0 \u00a0 \u00a0 \u00a0 \u00a0 \u00a0 \u00a0 \u00a0 \u00a0 \u00a0 \u00a0 \u00a0 \u00a0 \u00a0 \u00a0 \u00a0 \u00a0 \u00a0 \u00a0 \u00a0 \u00a0 \u00a0 \u00a0 \u00a0 \u00a0 \u00a0 \u00a0 \u00a0 \u00a0 \u00a0 \u00a0 \u00a0 \u00a0 \u00a0 \u00a0 \u00a0 \u00a0Trotz sorgf\u00e4ltiger inhaltlicher Kontrolle \u00fcbernehmen wir keine Haftung f\u00fcr die Inhalte externer Links. F\u00fcr den Inhalt der verlinkten Seiten sind ausschlie\u00dflich deren Betreiber verantwortlich.<\/p>\n<div class=\"row\">\n<div id=\"spotspot1\" class=\"span12 cmsspot\">\n<div class=\"snippetTextBlockStandardWithLinkList\">\n<div class=\"snippetTextBlockStandard\">\n<div class=\"textBlockContainer\">\n<div>\n<div class=\"textBlockContent\">\n<div class=\"cmswysiwyg\">\n<p>Die Europ\u00e4ische Kommission stellt unter\u00a0<a class=\"external external\" href=\"http:\/\/ec.europa.eu\/consumers\/odr\/\">http:\/\/ec.europa.eu\/consumers\/odr\/<\/a>\u00a0eine Plattform zur Online-Streitbeilegung (OS) bereit.<\/p>\n<div class=\"cleardiv\"><\/div>\n<\/div>\n<\/div>\n<\/div>\n<\/div>\n<\/div>\n<\/div>\n<\/div>\n<\/div>\n","protected":false},"excerpt":{"rendered":"<p>PANKEBUCH Die sch\u00f6nsten B\u00fccher des Nordens und des Ostens Wilhelm-Kuhr-Str. 5, 13187 Berlin Alt-Pankow, T \u00a0030 48479013, info@pankebuch.de Ein Unternehmen der Sprachmeister Berlin-Translatione GmbH. Marienstra\u00dfe 30, 10117 Berlin. Sitz der Gesellschaft: Berlin \/ Registergericht: Amtsgericht Berlin Charlottenburg, HRB 180891 B \/ Gesch\u00e4ftsf\u00fchrer: Daniel M\u00e4tzschker Tel (030) 48479013 info@pankebuch.de\u00a0 \u00a0 \u00a0 \u00a0 \u00a0 \u00a0 \u00a0 \u00a0 [&hellip;]<\/p>\n","protected":false},"author":1,"featured_media":0,"parent":0,"menu_order":0,"comment_status":"closed","ping_status":"open","template":"","meta":{"footnotes":""},"_links":{"self":[{"href":"https:\/\/www.pankebuch.de\/index.php?rest_route=\/wp\/v2\/pages\/2737"}],"collection":[{"href":"https:\/\/www.pankebuch.de\/index.php?rest_route=\/wp\/v2\/pages"}],"about":[{"href":"https:\/\/www.pankebuch.de\/index.php?rest_route=\/wp\/v2\/types\/page"}],"author":[{"embeddable":true,"href":"https:\/\/www.pankebuch.de\/index.php?rest_route=\/wp\/v2\/users\/1"}],"replies":[{"embeddable":true,"href":"https:\/\/www.pankebuch.de\/index.php?rest_route=%2Fwp%2Fv2%2Fcomments&post=2737"}],"version-history":[{"count":10,"href":"https:\/\/www.pankebuch.de\/index.php?rest_route=\/wp\/v2\/pages\/2737\/revisions"}],"predecessor-version":[{"id":9020,"href":"https:\/\/www.pankebuch.de\/index.php?rest_route=\/wp\/v2\/pages\/2737\/revisions\/9020"}],"wp:attachment":[{"href":"https:\/\/www.pankebuch.de\/index.php?rest_route=%2Fwp%2Fv2%2Fmedia&parent=2737"}],"curies":[{"name":"wp","href":"https:\/\/api.w.org\/{rel}","templated":true}]}}