{"id":17,"date":"2009-08-15T15:34:25","date_gmt":"2009-08-15T14:34:25","guid":{"rendered":"http:\/\/www.vfxdude.com\/bigfeature2\/?page_id=17"},"modified":"2022-09-22T21:31:36","modified_gmt":"2022-09-22T20:31:36","slug":"about-us","status":"publish","type":"page","link":"https:\/\/www.pankebuch.de\/?page_id=17","title":{"rendered":"bok b\u00f3k bog kirja"},"content":{"rendered":"<p><span style=\"color: #333300;\">Willkommen bei Pankebuch &#8211; wir sind die Buchhandlung in Berlin, die sich mit einem sch\u00f6nen Sortiment der Literatur der Nordischen L\u00e4nder widmet &#8211; von Skandinavien bis zum Baltikum.<\/span><\/p>\n<p><span style=\"color: #333300;\">Im Laden findet ihr auch B\u00fccher im Original: Klassiker, moderne Belletristik, Kinderb\u00fccher, schwedische L\u00e4ttL\u00e4st-B\u00fccher und preiswerte Secondhand-Ausgaben. <\/span><\/p>\n<p><strong>Dank der Kooperation mit Skandibok k\u00f6nnen wir eine Bestellm\u00f6glichkeit anbieten: <a href=\"https:\/\/skandibok.goaffpro.com\/create-account\" target=\"_blank\" rel=\"noopener\">https:\/\/skandibok.goaffpro.com\/create-account<\/a><\/strong><\/p>\n","protected":false},"excerpt":{"rendered":"<p>Willkommen bei Pankebuch &#8211; wir sind die Buchhandlung in Berlin, die sich mit einem sch\u00f6nen Sortiment der Literatur der Nordischen L\u00e4nder widmet &#8211; von Skandinavien bis zum Baltikum. Im Laden findet ihr auch B\u00fccher im Original: Klassiker, moderne Belletristik, Kinderb\u00fccher, schwedische L\u00e4ttL\u00e4st-B\u00fccher und preiswerte Secondhand-Ausgaben. Dank der Kooperation mit Skandibok k\u00f6nnen wir eine Bestellm\u00f6glichkeit anbieten: [&hellip;]<\/p>\n","protected":false},"author":1,"featured_media":0,"parent":0,"menu_order":0,"comment_status":"closed","ping_status":"closed","template":"","meta":{"footnotes":""},"_links":{"self":[{"href":"https:\/\/www.pankebuch.de\/index.php?rest_route=\/wp\/v2\/pages\/17"}],"collection":[{"href":"https:\/\/www.pankebuch.de\/index.php?rest_route=\/wp\/v2\/pages"}],"about":[{"href":"https:\/\/www.pankebuch.de\/index.php?rest_route=\/wp\/v2\/types\/page"}],"author":[{"embeddable":true,"href":"https:\/\/www.pankebuch.de\/index.php?rest_route=\/wp\/v2\/users\/1"}],"replies":[{"embeddable":true,"href":"https:\/\/www.pankebuch.de\/index.php?rest_route=%2Fwp%2Fv2%2Fcomments&post=17"}],"version-history":[{"count":138,"href":"https:\/\/www.pankebuch.de\/index.php?rest_route=\/wp\/v2\/pages\/17\/revisions"}],"predecessor-version":[{"id":7801,"href":"https:\/\/www.pankebuch.de\/index.php?rest_route=\/wp\/v2\/pages\/17\/revisions\/7801"}],"wp:attachment":[{"href":"https:\/\/www.pankebuch.de\/index.php?rest_route=%2Fwp%2Fv2%2Fmedia&parent=17"}],"curies":[{"name":"wp","href":"https:\/\/api.w.org\/{rel}","templated":true}]}}